{"id":12,"date":"2019-10-21T12:11:36","date_gmt":"2019-10-21T12:11:36","guid":{"rendered":"https:\/\/brodesa.fi\/wp\/?page_id=12"},"modified":"2022-11-17T12:08:57","modified_gmt":"2022-11-17T09:08:57","slug":"etusivu","status":"publish","type":"page","link":"https:\/\/brodesa.fi\/wp\/","title":{"rendered":"Etusivu"},"content":{"rendered":"<p>Brodesa tekee brodeerauksia sek\u00e4 painatuksia erilaisiin k\u00e4ytt\u00f6tarkoituksiin yrityksille, yhdistyksille ja vapaa-aikaan. Brodeerattu\/painettu tuote voi olla vaikkapa pipo, lippis, huppari tms.<\/p>\n<p>Brodeeraus on kankaaseen toteutettu ommeltu kuvio, teksti tai irtomerkki.&nbsp; Se on suosittu ja tyylik\u00e4s tapa tehd\u00e4 seuralle tai firmalle esim. omalla logolla varustetut yhteiset vaatteet.<\/p>\n<p>Painatuksissa on k\u00e4yt\u00f6ss\u00e4 1-3 v\u00e4ri\u00e4 kerrallaan, poislukien liukuv\u00e4rit. N\u00e4m\u00e4 toimivat hyvin isommilla pinta-aloilla sek\u00e4 ohuemmissa materiaaleissa, kuten paitojen rinta- ja selk\u00e4puolilla. Katso kuvia tehdyist\u00e4 tuotteista.<\/p>\n<p>Brodesa on pieni ja ketter\u00e4 joensuulainen yritys, joka auttaa mielell\u00e4\u00e4n pientenkin tuote-erien tekemisess\u00e4. Tarpeesi ei tarvitse olla suuryritysten mittaluokkaa.<\/p>\n\n<div class=\"wp-block-image\">\n<figure class=\"aligncenter size-large is-resized\"><img loading=\"lazy\" decoding=\"async\" src=\"https:\/\/brodesa.fi\/wp\/wp-content\/uploads\/2020\/04\/Brodesa.jpg\" alt=\"\" class=\"wp-image-114\" width=\"284\" height=\"287\" srcset=\"https:\/\/brodesa.fi\/wp\/wp-content\/uploads\/2020\/04\/Brodesa.jpg 610w, https:\/\/brodesa.fi\/wp\/wp-content\/uploads\/2020\/04\/Brodesa-296x300.jpg 296w, https:\/\/brodesa.fi\/wp\/wp-content\/uploads\/2020\/04\/Brodesa-592x600.jpg 592w\" sizes=\"auto, (max-width: 284px) 100vw, 284px\" \/><\/figure>\n<\/div>","protected":false},"excerpt":{"rendered":"<p>Brodesa tekee brodeerauksia sek\u00e4 painatuksia erilaisiin k\u00e4ytt\u00f6tarkoituksiin yrityksille, yhdistyksille ja vapaa-aikaan. Brodeerattu\/painettu tuote voi olla vaikkapa pipo, lippis, huppari tms. Brodeeraus on kankaaseen toteutettu ommeltu kuvio, teksti tai irtomerkki.&nbsp; Se on suosittu ja tyylik\u00e4s tapa tehd\u00e4 seuralle tai firmalle esim. omalla logolla varustetut yhteiset vaatteet. Painatuksissa on k\u00e4yt\u00f6ss\u00e4 1-3 v\u00e4ri\u00e4 kerrallaan, poislukien liukuv\u00e4rit. N\u00e4m\u00e4 toimivat [&hellip;]<\/p>\n","protected":false},"author":1,"featured_media":0,"parent":0,"menu_order":0,"comment_status":"closed","ping_status":"closed","template":"","meta":{"footnotes":""},"class_list":["post-12","page","type-page","status-publish","hentry"],"_links":{"self":[{"href":"https:\/\/brodesa.fi\/wp\/index.php?rest_route=\/wp\/v2\/pages\/12","targetHints":{"allow":["GET"]}}],"collection":[{"href":"https:\/\/brodesa.fi\/wp\/index.php?rest_route=\/wp\/v2\/pages"}],"about":[{"href":"https:\/\/brodesa.fi\/wp\/index.php?rest_route=\/wp\/v2\/types\/page"}],"author":[{"embeddable":true,"href":"https:\/\/brodesa.fi\/wp\/index.php?rest_route=\/wp\/v2\/users\/1"}],"replies":[{"embeddable":true,"href":"https:\/\/brodesa.fi\/wp\/index.php?rest_route=%2Fwp%2Fv2%2Fcomments&post=12"}],"version-history":[{"count":17,"href":"https:\/\/brodesa.fi\/wp\/index.php?rest_route=\/wp\/v2\/pages\/12\/revisions"}],"predecessor-version":[{"id":185,"href":"https:\/\/brodesa.fi\/wp\/index.php?rest_route=\/wp\/v2\/pages\/12\/revisions\/185"}],"wp:attachment":[{"href":"https:\/\/brodesa.fi\/wp\/index.php?rest_route=%2Fwp%2Fv2%2Fmedia&parent=12"}],"curies":[{"name":"wp","href":"https:\/\/api.w.org\/{rel}","templated":true}]}}