{"id":2,"date":"2019-10-20T20:39:15","date_gmt":"2019-10-20T20:39:15","guid":{"rendered":"https:\/\/brodesa.fi\/wp\/?page_id=2"},"modified":"2020-09-05T19:19:30","modified_gmt":"2020-09-05T16:19:30","slug":"tuotteet","status":"publish","type":"page","link":"https:\/\/brodesa.fi\/wp\/?page_id=2","title":{"rendered":"Tuotteet"},"content":{"rendered":"\n<p>T\u00e4ll\u00e4 sivulla on n\u00e4ht\u00e4viss\u00e4 vaihtuvasti aina viime aikoina syntyneit\u00e4 tuotteita.<\/p>\n\n\n\n<figure class=\"wp-block-gallery columns-3 wp-block-gallery-1 is-layout-flex wp-block-gallery-is-layout-flex\"><ul class=\"blocks-gallery-grid\"><li class=\"blocks-gallery-item\"><figure><img loading=\"lazy\" decoding=\"async\" width=\"768\" height=\"1024\" src=\"https:\/\/brodesa.fi\/wp\/wp-content\/uploads\/2020\/09\/jnsteatteri-768x1024.jpg\" alt=\"\" data-id=\"171\" data-full-url=\"https:\/\/brodesa.fi\/wp\/wp-content\/uploads\/2020\/09\/jnsteatteri.jpg\" data-link=\"https:\/\/brodesa.fi\/wp\/tuotteet\/jnsteatteri\/\" class=\"wp-image-171\" srcset=\"https:\/\/brodesa.fi\/wp\/wp-content\/uploads\/2020\/09\/jnsteatteri-768x1024.jpg 768w, https:\/\/brodesa.fi\/wp\/wp-content\/uploads\/2020\/09\/jnsteatteri-225x300.jpg 225w, https:\/\/brodesa.fi\/wp\/wp-content\/uploads\/2020\/09\/jnsteatteri-450x600.jpg 450w, https:\/\/brodesa.fi\/wp\/wp-content\/uploads\/2020\/09\/jnsteatteri.jpg 936w\" sizes=\"auto, (max-width: 768px) 100vw, 768px\" \/><figcaption class=\"blocks-gallery-item__caption\">Jns Kaupunginteatteri<\/figcaption><\/figure><\/li><li class=\"blocks-gallery-item\"><figure><img loading=\"lazy\" decoding=\"async\" width=\"832\" height=\"624\" src=\"https:\/\/brodesa.fi\/wp\/wp-content\/uploads\/2020\/08\/rairai.jpg\" alt=\"\" data-id=\"168\" data-link=\"https:\/\/brodesa.fi\/wp\/tuotteet\/rairai\/\" class=\"wp-image-168\" srcset=\"https:\/\/brodesa.fi\/wp\/wp-content\/uploads\/2020\/08\/rairai.jpg 832w, https:\/\/brodesa.fi\/wp\/wp-content\/uploads\/2020\/08\/rairai-300x225.jpg 300w, https:\/\/brodesa.fi\/wp\/wp-content\/uploads\/2020\/08\/rairai-768x576.jpg 768w, https:\/\/brodesa.fi\/wp\/wp-content\/uploads\/2020\/08\/rairai-800x600.jpg 800w\" sizes=\"auto, (max-width: 832px) 100vw, 832px\" \/><figcaption class=\"blocks-gallery-item__caption\">RaiRai Company<\/figcaption><\/figure><\/li><li class=\"blocks-gallery-item\"><figure><img loading=\"lazy\" decoding=\"async\" width=\"768\" height=\"1024\" src=\"https:\/\/brodesa.fi\/wp\/wp-content\/uploads\/2020\/08\/Duo-768x1024.jpg\" alt=\"\" data-id=\"158\" data-link=\"https:\/\/brodesa.fi\/wp\/tuotteet\/duo\/\" class=\"wp-image-158\" srcset=\"https:\/\/brodesa.fi\/wp\/wp-content\/uploads\/2020\/08\/Duo-768x1024.jpg 768w, https:\/\/brodesa.fi\/wp\/wp-content\/uploads\/2020\/08\/Duo-225x300.jpg 225w, https:\/\/brodesa.fi\/wp\/wp-content\/uploads\/2020\/08\/Duo-450x600.jpg 450w, https:\/\/brodesa.fi\/wp\/wp-content\/uploads\/2020\/08\/Duo.jpg 1092w\" sizes=\"auto, (max-width: 768px) 100vw, 768px\" \/><figcaption class=\"blocks-gallery-item__caption\">Duo Toinen L\u00e4hi\u00f6<\/figcaption><\/figure><\/li><li class=\"blocks-gallery-item\"><figure><img loading=\"lazy\" decoding=\"async\" width=\"1024\" height=\"689\" src=\"https:\/\/brodesa.fi\/wp\/wp-content\/uploads\/2020\/08\/Crew-paita-1024x689.jpg\" alt=\"\" data-id=\"159\" data-link=\"https:\/\/brodesa.fi\/wp\/tuotteet\/crew-paita\/\" class=\"wp-image-159\" srcset=\"https:\/\/brodesa.fi\/wp\/wp-content\/uploads\/2020\/08\/Crew-paita-1024x689.jpg 1024w, https:\/\/brodesa.fi\/wp\/wp-content\/uploads\/2020\/08\/Crew-paita-300x202.jpg 300w, https:\/\/brodesa.fi\/wp\/wp-content\/uploads\/2020\/08\/Crew-paita-768x517.jpg 768w, https:\/\/brodesa.fi\/wp\/wp-content\/uploads\/2020\/08\/Crew-paita-1536x1033.jpg 1536w, https:\/\/brodesa.fi\/wp\/wp-content\/uploads\/2020\/08\/Crew-paita-2048x1377.jpg 2048w, https:\/\/brodesa.fi\/wp\/wp-content\/uploads\/2020\/08\/Crew-paita-892x600.jpg 892w, https:\/\/brodesa.fi\/wp\/wp-content\/uploads\/2020\/08\/Crew-paita-1600x1076.jpg 1600w\" sizes=\"auto, (max-width: 1024px) 100vw, 1024px\" \/><figcaption class=\"blocks-gallery-item__caption\">Crew-paita<\/figcaption><\/figure><\/li><li class=\"blocks-gallery-item\"><figure><img loading=\"lazy\" decoding=\"async\" width=\"768\" height=\"1024\" src=\"https:\/\/brodesa.fi\/wp\/wp-content\/uploads\/2020\/08\/haakassi-768x1024.jpg\" alt=\"\" data-id=\"156\" data-link=\"https:\/\/brodesa.fi\/wp\/tuotteet\/haakassi\/\" class=\"wp-image-156\" srcset=\"https:\/\/brodesa.fi\/wp\/wp-content\/uploads\/2020\/08\/haakassi-768x1024.jpg 768w, https:\/\/brodesa.fi\/wp\/wp-content\/uploads\/2020\/08\/haakassi-225x300.jpg 225w, https:\/\/brodesa.fi\/wp\/wp-content\/uploads\/2020\/08\/haakassi-450x600.jpg 450w, https:\/\/brodesa.fi\/wp\/wp-content\/uploads\/2020\/08\/haakassi.jpg 1092w\" sizes=\"auto, (max-width: 768px) 100vw, 768px\" \/><figcaption class=\"blocks-gallery-item__caption\">H\u00e4\u00e4kassi<\/figcaption><\/figure><\/li><li class=\"blocks-gallery-item\"><figure><img loading=\"lazy\" decoding=\"async\" width=\"768\" height=\"1024\" src=\"https:\/\/brodesa.fi\/wp\/wp-content\/uploads\/2020\/08\/mp-768x1024.jpg\" alt=\"\" data-id=\"162\" data-link=\"https:\/\/brodesa.fi\/wp\/tuotteet\/mp\/\" class=\"wp-image-162\" srcset=\"https:\/\/brodesa.fi\/wp\/wp-content\/uploads\/2020\/08\/mp-768x1024.jpg 768w, https:\/\/brodesa.fi\/wp\/wp-content\/uploads\/2020\/08\/mp-225x300.jpg 225w, https:\/\/brodesa.fi\/wp\/wp-content\/uploads\/2020\/08\/mp-450x600.jpg 450w, https:\/\/brodesa.fi\/wp\/wp-content\/uploads\/2020\/08\/mp.jpg 1092w\" sizes=\"auto, (max-width: 768px) 100vw, 768px\" \/><figcaption class=\"blocks-gallery-item__caption\">Veteraani-mp<\/figcaption><\/figure><\/li><li class=\"blocks-gallery-item\"><figure><img loading=\"lazy\" decoding=\"async\" width=\"1024\" height=\"762\" src=\"https:\/\/brodesa.fi\/wp\/wp-content\/uploads\/2020\/08\/shortsit-1024x762.jpg\" alt=\"\" data-id=\"155\" data-link=\"https:\/\/brodesa.fi\/wp\/tuotteet\/shortsit\/\" class=\"wp-image-155\" srcset=\"https:\/\/brodesa.fi\/wp\/wp-content\/uploads\/2020\/08\/shortsit-1024x762.jpg 1024w, https:\/\/brodesa.fi\/wp\/wp-content\/uploads\/2020\/08\/shortsit-300x223.jpg 300w, https:\/\/brodesa.fi\/wp\/wp-content\/uploads\/2020\/08\/shortsit-768x571.jpg 768w, https:\/\/brodesa.fi\/wp\/wp-content\/uploads\/2020\/08\/shortsit-1536x1143.jpg 1536w, https:\/\/brodesa.fi\/wp\/wp-content\/uploads\/2020\/08\/shortsit-807x600.jpg 807w, https:\/\/brodesa.fi\/wp\/wp-content\/uploads\/2020\/08\/shortsit.jpg 1585w\" sizes=\"auto, (max-width: 1024px) 100vw, 1024px\" \/><figcaption class=\"blocks-gallery-item__caption\">B\u00e4ndi-shortsit<\/figcaption><\/figure><\/li><li class=\"blocks-gallery-item\"><figure><img loading=\"lazy\" decoding=\"async\" width=\"1024\" height=\"768\" src=\"https:\/\/brodesa.fi\/wp\/wp-content\/uploads\/2020\/06\/kiupa21-1-1024x768.jpg\" alt=\"\" data-id=\"139\" data-link=\"https:\/\/brodesa.fi\/wp\/tuotteet\/kiupa21-1\/\" class=\"wp-image-139\" srcset=\"https:\/\/brodesa.fi\/wp\/wp-content\/uploads\/2020\/06\/kiupa21-1-1024x768.jpg 1024w, https:\/\/brodesa.fi\/wp\/wp-content\/uploads\/2020\/06\/kiupa21-1-300x225.jpg 300w, https:\/\/brodesa.fi\/wp\/wp-content\/uploads\/2020\/06\/kiupa21-1-768x576.jpg 768w, https:\/\/brodesa.fi\/wp\/wp-content\/uploads\/2020\/06\/kiupa21-1-800x600.jpg 800w, https:\/\/brodesa.fi\/wp\/wp-content\/uploads\/2020\/06\/kiupa21-1.jpg 1040w\" sizes=\"auto, (max-width: 1024px) 100vw, 1024px\" \/><figcaption class=\"blocks-gallery-item__caption\">Kuopion Kiupa<\/figcaption><\/figure><\/li><li class=\"blocks-gallery-item\"><figure><img loading=\"lazy\" decoding=\"async\" width=\"1024\" height=\"576\" src=\"https:\/\/brodesa.fi\/wp\/wp-content\/uploads\/2020\/08\/Henkan-1024x576.jpg\" alt=\"\" data-id=\"154\" data-link=\"https:\/\/brodesa.fi\/wp\/tuotteet\/henkan\/\" class=\"wp-image-154\" srcset=\"https:\/\/brodesa.fi\/wp\/wp-content\/uploads\/2020\/08\/Henkan-1024x576.jpg 1024w, https:\/\/brodesa.fi\/wp\/wp-content\/uploads\/2020\/08\/Henkan-300x169.jpg 300w, https:\/\/brodesa.fi\/wp\/wp-content\/uploads\/2020\/08\/Henkan-768x432.jpg 768w, https:\/\/brodesa.fi\/wp\/wp-content\/uploads\/2020\/08\/Henkan-1067x600.jpg 1067w, https:\/\/brodesa.fi\/wp\/wp-content\/uploads\/2020\/08\/Henkan.jpg 1344w\" sizes=\"auto, (max-width: 1024px) 100vw, 1024px\" \/><figcaption class=\"blocks-gallery-item__caption\">Henkan Helppi<\/figcaption><\/figure><\/li><li class=\"blocks-gallery-item\"><figure><img loading=\"lazy\" decoding=\"async\" width=\"1024\" height=\"768\" src=\"https:\/\/brodesa.fi\/wp\/wp-content\/uploads\/2020\/06\/sorva-1024x768.jpg\" alt=\"\" data-id=\"134\" data-link=\"https:\/\/brodesa.fi\/wp\/tuotteet\/sorva\/\" class=\"wp-image-134\" srcset=\"https:\/\/brodesa.fi\/wp\/wp-content\/uploads\/2020\/06\/sorva-1024x768.jpg 1024w, https:\/\/brodesa.fi\/wp\/wp-content\/uploads\/2020\/06\/sorva-300x225.jpg 300w, https:\/\/brodesa.fi\/wp\/wp-content\/uploads\/2020\/06\/sorva-768x576.jpg 768w, https:\/\/brodesa.fi\/wp\/wp-content\/uploads\/2020\/06\/sorva-800x600.jpg 800w, https:\/\/brodesa.fi\/wp\/wp-content\/uploads\/2020\/06\/sorva.jpg 1248w\" sizes=\"auto, (max-width: 1024px) 100vw, 1024px\" \/><figcaption class=\"blocks-gallery-item__caption\">Sorva Custom Drums<\/figcaption><\/figure><\/li><li class=\"blocks-gallery-item\"><figure><img loading=\"lazy\" decoding=\"async\" width=\"1003\" height=\"706\" src=\"https:\/\/brodesa.fi\/wp\/wp-content\/uploads\/2020\/04\/Sihi-2.jpg\" alt=\"\" data-id=\"127\" data-link=\"https:\/\/brodesa.fi\/wp\/tuotteet\/sihi-2\/\" class=\"wp-image-127\" srcset=\"https:\/\/brodesa.fi\/wp\/wp-content\/uploads\/2020\/04\/Sihi-2.jpg 1003w, https:\/\/brodesa.fi\/wp\/wp-content\/uploads\/2020\/04\/Sihi-2-300x211.jpg 300w, https:\/\/brodesa.fi\/wp\/wp-content\/uploads\/2020\/04\/Sihi-2-768x541.jpg 768w, https:\/\/brodesa.fi\/wp\/wp-content\/uploads\/2020\/04\/Sihi-2-852x600.jpg 852w\" sizes=\"auto, (max-width: 1003px) 100vw, 1003px\" \/><figcaption class=\"blocks-gallery-item__caption\">Sihi Cymbals<\/figcaption><\/figure><\/li><li class=\"blocks-gallery-item\"><figure><img loading=\"lazy\" decoding=\"async\" width=\"1024\" height=\"768\" src=\"https:\/\/brodesa.fi\/wp\/wp-content\/uploads\/2020\/08\/JT-1024x768.jpg\" alt=\"\" data-id=\"157\" data-link=\"https:\/\/brodesa.fi\/wp\/tuotteet\/jt\/\" class=\"wp-image-157\" srcset=\"https:\/\/brodesa.fi\/wp\/wp-content\/uploads\/2020\/08\/JT-1024x768.jpg 1024w, https:\/\/brodesa.fi\/wp\/wp-content\/uploads\/2020\/08\/JT-300x225.jpg 300w, https:\/\/brodesa.fi\/wp\/wp-content\/uploads\/2020\/08\/JT-768x576.jpg 768w, https:\/\/brodesa.fi\/wp\/wp-content\/uploads\/2020\/08\/JT-800x600.jpg 800w, https:\/\/brodesa.fi\/wp\/wp-content\/uploads\/2020\/08\/JT.jpg 1456w\" sizes=\"auto, (max-width: 1024px) 100vw, 1024px\" \/><figcaption class=\"blocks-gallery-item__caption\">Ty\u00f6palvelu J&amp;T<\/figcaption><\/figure><\/li><li class=\"blocks-gallery-item\"><figure><img loading=\"lazy\" decoding=\"async\" width=\"832\" height=\"624\" src=\"https:\/\/brodesa.fi\/wp\/wp-content\/uploads\/2020\/04\/Routaraja-merkit.jpg\" alt=\"\" data-id=\"96\" data-link=\"https:\/\/brodesa.fi\/wp\/routaraja-merkit\/\" class=\"wp-image-96\" srcset=\"https:\/\/brodesa.fi\/wp\/wp-content\/uploads\/2020\/04\/Routaraja-merkit.jpg 832w, https:\/\/brodesa.fi\/wp\/wp-content\/uploads\/2020\/04\/Routaraja-merkit-300x225.jpg 300w, https:\/\/brodesa.fi\/wp\/wp-content\/uploads\/2020\/04\/Routaraja-merkit-768x576.jpg 768w, https:\/\/brodesa.fi\/wp\/wp-content\/uploads\/2020\/04\/Routaraja-merkit-800x600.jpg 800w\" sizes=\"auto, (max-width: 832px) 100vw, 832px\" \/><figcaption class=\"blocks-gallery-item__caption\">Routaraja-b\u00e4ndi<\/figcaption><\/figure><\/li><li class=\"blocks-gallery-item\"><figure><img loading=\"lazy\" decoding=\"async\" width=\"1024\" height=\"768\" src=\"https:\/\/brodesa.fi\/wp\/wp-content\/uploads\/2020\/04\/SRJL-1-1024x768.jpg\" alt=\"\" data-id=\"97\" data-link=\"https:\/\/brodesa.fi\/wp\/srjl-2\/\" class=\"wp-image-97\" srcset=\"https:\/\/brodesa.fi\/wp\/wp-content\/uploads\/2020\/04\/SRJL-1-1024x768.jpg 1024w, https:\/\/brodesa.fi\/wp\/wp-content\/uploads\/2020\/04\/SRJL-1-300x225.jpg 300w, https:\/\/brodesa.fi\/wp\/wp-content\/uploads\/2020\/04\/SRJL-1-768x576.jpg 768w, https:\/\/brodesa.fi\/wp\/wp-content\/uploads\/2020\/04\/SRJL-1-800x600.jpg 800w, https:\/\/brodesa.fi\/wp\/wp-content\/uploads\/2020\/04\/SRJL-1.jpg 1248w\" sizes=\"auto, (max-width: 1024px) 100vw, 1024px\" \/><figcaption class=\"blocks-gallery-item__caption\">SRJL<\/figcaption><\/figure><\/li><li class=\"blocks-gallery-item\"><figure><img loading=\"lazy\" decoding=\"async\" width=\"832\" height=\"624\" src=\"https:\/\/brodesa.fi\/wp\/wp-content\/uploads\/2020\/04\/rautavarasto.jpg\" alt=\"\" data-id=\"94\" data-link=\"https:\/\/brodesa.fi\/wp\/rautavarasto\/\" class=\"wp-image-94\" srcset=\"https:\/\/brodesa.fi\/wp\/wp-content\/uploads\/2020\/04\/rautavarasto.jpg 832w, https:\/\/brodesa.fi\/wp\/wp-content\/uploads\/2020\/04\/rautavarasto-300x225.jpg 300w, https:\/\/brodesa.fi\/wp\/wp-content\/uploads\/2020\/04\/rautavarasto-768x576.jpg 768w, https:\/\/brodesa.fi\/wp\/wp-content\/uploads\/2020\/04\/rautavarasto-800x600.jpg 800w\" sizes=\"auto, (max-width: 832px) 100vw, 832px\" \/><figcaption class=\"blocks-gallery-item__caption\">Viihdeorkesteri Rautavarasto<\/figcaption><\/figure><\/li><li class=\"blocks-gallery-item\"><figure><img loading=\"lazy\" decoding=\"async\" width=\"832\" height=\"624\" src=\"https:\/\/brodesa.fi\/wp\/wp-content\/uploads\/2020\/04\/PSYK.jpg\" alt=\"\" data-id=\"93\" data-link=\"https:\/\/brodesa.fi\/wp\/psyk\/\" class=\"wp-image-93\" srcset=\"https:\/\/brodesa.fi\/wp\/wp-content\/uploads\/2020\/04\/PSYK.jpg 832w, https:\/\/brodesa.fi\/wp\/wp-content\/uploads\/2020\/04\/PSYK-300x225.jpg 300w, https:\/\/brodesa.fi\/wp\/wp-content\/uploads\/2020\/04\/PSYK-768x576.jpg 768w, https:\/\/brodesa.fi\/wp\/wp-content\/uploads\/2020\/04\/PSYK-800x600.jpg 800w\" sizes=\"auto, (max-width: 832px) 100vw, 832px\" \/><figcaption class=\"blocks-gallery-item__caption\">PSYK<\/figcaption><\/figure><\/li><li class=\"blocks-gallery-item\"><figure><img loading=\"lazy\" decoding=\"async\" width=\"832\" height=\"624\" src=\"https:\/\/brodesa.fi\/wp\/wp-content\/uploads\/2020\/04\/Pilot.jpg\" alt=\"\" data-id=\"92\" data-link=\"https:\/\/brodesa.fi\/wp\/pilot\/\" class=\"wp-image-92\" srcset=\"https:\/\/brodesa.fi\/wp\/wp-content\/uploads\/2020\/04\/Pilot.jpg 832w, https:\/\/brodesa.fi\/wp\/wp-content\/uploads\/2020\/04\/Pilot-300x225.jpg 300w, https:\/\/brodesa.fi\/wp\/wp-content\/uploads\/2020\/04\/Pilot-768x576.jpg 768w, https:\/\/brodesa.fi\/wp\/wp-content\/uploads\/2020\/04\/Pilot-800x600.jpg 800w\" sizes=\"auto, (max-width: 832px) 100vw, 832px\" \/><figcaption class=\"blocks-gallery-item__caption\">Pilot<\/figcaption><\/figure><\/li><li class=\"blocks-gallery-item\"><figure><img loading=\"lazy\" decoding=\"async\" width=\"832\" height=\"624\" src=\"https:\/\/brodesa.fi\/wp\/wp-content\/uploads\/2020\/04\/OPO.jpg\" alt=\"\" data-id=\"90\" data-link=\"https:\/\/brodesa.fi\/wp\/opo\/\" class=\"wp-image-90\" srcset=\"https:\/\/brodesa.fi\/wp\/wp-content\/uploads\/2020\/04\/OPO.jpg 832w, https:\/\/brodesa.fi\/wp\/wp-content\/uploads\/2020\/04\/OPO-300x225.jpg 300w, https:\/\/brodesa.fi\/wp\/wp-content\/uploads\/2020\/04\/OPO-768x576.jpg 768w, https:\/\/brodesa.fi\/wp\/wp-content\/uploads\/2020\/04\/OPO-800x600.jpg 800w\" sizes=\"auto, (max-width: 832px) 100vw, 832px\" \/><figcaption class=\"blocks-gallery-item__caption\">OPO (Osuuspankki)<\/figcaption><\/figure><\/li><li class=\"blocks-gallery-item\"><figure><img loading=\"lazy\" decoding=\"async\" width=\"832\" height=\"624\" src=\"https:\/\/brodesa.fi\/wp\/wp-content\/uploads\/2020\/04\/Kiteen-pallo.jpg\" alt=\"\" data-id=\"89\" data-link=\"https:\/\/brodesa.fi\/wp\/kiteen-pallo\/\" class=\"wp-image-89\" srcset=\"https:\/\/brodesa.fi\/wp\/wp-content\/uploads\/2020\/04\/Kiteen-pallo.jpg 832w, https:\/\/brodesa.fi\/wp\/wp-content\/uploads\/2020\/04\/Kiteen-pallo-300x225.jpg 300w, https:\/\/brodesa.fi\/wp\/wp-content\/uploads\/2020\/04\/Kiteen-pallo-768x576.jpg 768w, https:\/\/brodesa.fi\/wp\/wp-content\/uploads\/2020\/04\/Kiteen-pallo-800x600.jpg 800w\" sizes=\"auto, (max-width: 832px) 100vw, 832px\" \/><figcaption class=\"blocks-gallery-item__caption\">Kiteen Pallo<\/figcaption><\/figure><\/li><li class=\"blocks-gallery-item\"><figure><img loading=\"lazy\" decoding=\"async\" width=\"832\" height=\"624\" src=\"https:\/\/brodesa.fi\/wp\/wp-content\/uploads\/2020\/04\/karimuona.jpg\" alt=\"\" data-id=\"88\" data-link=\"https:\/\/brodesa.fi\/wp\/karimuona\/\" class=\"wp-image-88\" srcset=\"https:\/\/brodesa.fi\/wp\/wp-content\/uploads\/2020\/04\/karimuona.jpg 832w, https:\/\/brodesa.fi\/wp\/wp-content\/uploads\/2020\/04\/karimuona-300x225.jpg 300w, https:\/\/brodesa.fi\/wp\/wp-content\/uploads\/2020\/04\/karimuona-768x576.jpg 768w, https:\/\/brodesa.fi\/wp\/wp-content\/uploads\/2020\/04\/karimuona-800x600.jpg 800w\" sizes=\"auto, (max-width: 832px) 100vw, 832px\" \/><figcaption class=\"blocks-gallery-item__caption\">karimuona.net<\/figcaption><\/figure><\/li><li class=\"blocks-gallery-item\"><figure><img loading=\"lazy\" decoding=\"async\" width=\"874\" height=\"656\" src=\"https:\/\/brodesa.fi\/wp\/wp-content\/uploads\/2020\/04\/Joensuun-Koriv\u00e4rikeskus.jpg\" alt=\"\" data-id=\"87\" data-link=\"https:\/\/brodesa.fi\/wp\/joensuun-korivarikeskus\/\" class=\"wp-image-87\" srcset=\"https:\/\/brodesa.fi\/wp\/wp-content\/uploads\/2020\/04\/Joensuun-Koriv\u00e4rikeskus.jpg 874w, https:\/\/brodesa.fi\/wp\/wp-content\/uploads\/2020\/04\/Joensuun-Koriv\u00e4rikeskus-300x225.jpg 300w, https:\/\/brodesa.fi\/wp\/wp-content\/uploads\/2020\/04\/Joensuun-Koriv\u00e4rikeskus-768x576.jpg 768w, https:\/\/brodesa.fi\/wp\/wp-content\/uploads\/2020\/04\/Joensuun-Koriv\u00e4rikeskus-799x600.jpg 799w\" sizes=\"auto, (max-width: 874px) 100vw, 874px\" \/><figcaption class=\"blocks-gallery-item__caption\">Joensuun Koriv\u00e4rikeskus<\/figcaption><\/figure><\/li><li class=\"blocks-gallery-item\"><figure><img loading=\"lazy\" decoding=\"async\" width=\"609\" height=\"602\" src=\"https:\/\/brodesa.fi\/wp\/wp-content\/uploads\/2020\/04\/It\u00e4maankiit\u00e4j\u00e4t.jpg\" alt=\"\" data-id=\"86\" data-link=\"https:\/\/brodesa.fi\/wp\/itamaankiitajat\/\" class=\"wp-image-86\" srcset=\"https:\/\/brodesa.fi\/wp\/wp-content\/uploads\/2020\/04\/It\u00e4maankiit\u00e4j\u00e4t.jpg 609w, https:\/\/brodesa.fi\/wp\/wp-content\/uploads\/2020\/04\/It\u00e4maankiit\u00e4j\u00e4t-300x297.jpg 300w, https:\/\/brodesa.fi\/wp\/wp-content\/uploads\/2020\/04\/It\u00e4maankiit\u00e4j\u00e4t-607x600.jpg 607w\" sizes=\"auto, (max-width: 609px) 100vw, 609px\" \/><figcaption class=\"blocks-gallery-item__caption\">It\u00e4maankiit\u00e4j\u00e4t<\/figcaption><\/figure><\/li><li class=\"blocks-gallery-item\"><figure><img loading=\"lazy\" decoding=\"async\" width=\"832\" height=\"624\" src=\"https:\/\/brodesa.fi\/wp\/wp-content\/uploads\/2020\/04\/Holsti.jpg\" alt=\"\" data-id=\"85\" data-link=\"https:\/\/brodesa.fi\/wp\/holsti\/\" class=\"wp-image-85\" srcset=\"https:\/\/brodesa.fi\/wp\/wp-content\/uploads\/2020\/04\/Holsti.jpg 832w, https:\/\/brodesa.fi\/wp\/wp-content\/uploads\/2020\/04\/Holsti-300x225.jpg 300w, https:\/\/brodesa.fi\/wp\/wp-content\/uploads\/2020\/04\/Holsti-768x576.jpg 768w, https:\/\/brodesa.fi\/wp\/wp-content\/uploads\/2020\/04\/Holsti-800x600.jpg 800w\" sizes=\"auto, (max-width: 832px) 100vw, 832px\" \/><figcaption class=\"blocks-gallery-item__caption\">Holsti Fishing<\/figcaption><\/figure><\/li><li class=\"blocks-gallery-item\"><figure><img loading=\"lazy\" decoding=\"async\" width=\"832\" height=\"624\" src=\"https:\/\/brodesa.fi\/wp\/wp-content\/uploads\/2020\/04\/Rautia.jpg\" alt=\"\" data-id=\"80\" data-link=\"https:\/\/brodesa.fi\/wp\/rautia\/\" class=\"wp-image-80\" srcset=\"https:\/\/brodesa.fi\/wp\/wp-content\/uploads\/2020\/04\/Rautia.jpg 832w, https:\/\/brodesa.fi\/wp\/wp-content\/uploads\/2020\/04\/Rautia-300x225.jpg 300w, https:\/\/brodesa.fi\/wp\/wp-content\/uploads\/2020\/04\/Rautia-768x576.jpg 768w, https:\/\/brodesa.fi\/wp\/wp-content\/uploads\/2020\/04\/Rautia-800x600.jpg 800w\" sizes=\"auto, (max-width: 832px) 100vw, 832px\" \/><figcaption class=\"blocks-gallery-item__caption\">Rautia Guitars<\/figcaption><\/figure><\/li><li class=\"blocks-gallery-item\"><figure><img loading=\"lazy\" decoding=\"async\" width=\"562\" height=\"749\" src=\"https:\/\/brodesa.fi\/wp\/wp-content\/uploads\/2020\/04\/Peput.jpg\" alt=\"\" data-id=\"91\" data-link=\"https:\/\/brodesa.fi\/wp\/peput\/\" class=\"wp-image-91\" srcset=\"https:\/\/brodesa.fi\/wp\/wp-content\/uploads\/2020\/04\/Peput.jpg 562w, https:\/\/brodesa.fi\/wp\/wp-content\/uploads\/2020\/04\/Peput-225x300.jpg 225w, https:\/\/brodesa.fi\/wp\/wp-content\/uploads\/2020\/04\/Peput-450x600.jpg 450w\" sizes=\"auto, (max-width: 562px) 100vw, 562px\" \/><figcaption class=\"blocks-gallery-item__caption\">Peput Plays Eput<\/figcaption><\/figure><\/li><li class=\"blocks-gallery-item\"><figure><img loading=\"lazy\" decoding=\"async\" width=\"1024\" height=\"768\" src=\"https:\/\/brodesa.fi\/wp\/wp-content\/uploads\/2020\/06\/marco-1024x768.jpg\" alt=\"\" data-id=\"142\" data-link=\"https:\/\/brodesa.fi\/wp\/tuotteet\/marco\/\" class=\"wp-image-142\" srcset=\"https:\/\/brodesa.fi\/wp\/wp-content\/uploads\/2020\/06\/marco-1024x768.jpg 1024w, https:\/\/brodesa.fi\/wp\/wp-content\/uploads\/2020\/06\/marco-300x225.jpg 300w, https:\/\/brodesa.fi\/wp\/wp-content\/uploads\/2020\/06\/marco-768x576.jpg 768w, https:\/\/brodesa.fi\/wp\/wp-content\/uploads\/2020\/06\/marco-800x600.jpg 800w, https:\/\/brodesa.fi\/wp\/wp-content\/uploads\/2020\/06\/marco.jpg 1040w\" sizes=\"auto, (max-width: 1024px) 100vw, 1024px\" \/><\/figure><\/li><\/ul><\/figure>\n\n\n\n<p><\/p>\n","protected":false},"excerpt":{"rendered":"<p>T\u00e4ll\u00e4 sivulla on n\u00e4ht\u00e4viss\u00e4 vaihtuvasti aina viime aikoina syntyneit\u00e4 tuotteita.<\/p>\n","protected":false},"author":1,"featured_media":0,"parent":0,"menu_order":0,"comment_status":"closed","ping_status":"closed","template":"","meta":{"footnotes":""},"class_list":["post-2","page","type-page","status-publish","hentry"],"_links":{"self":[{"href":"https:\/\/brodesa.fi\/wp\/index.php?rest_route=\/wp\/v2\/pages\/2","targetHints":{"allow":["GET"]}}],"collection":[{"href":"https:\/\/brodesa.fi\/wp\/index.php?rest_route=\/wp\/v2\/pages"}],"about":[{"href":"https:\/\/brodesa.fi\/wp\/index.php?rest_route=\/wp\/v2\/types\/page"}],"author":[{"embeddable":true,"href":"https:\/\/brodesa.fi\/wp\/index.php?rest_route=\/wp\/v2\/users\/1"}],"replies":[{"embeddable":true,"href":"https:\/\/brodesa.fi\/wp\/index.php?rest_route=%2Fwp%2Fv2%2Fcomments&post=2"}],"version-history":[{"count":27,"href":"https:\/\/brodesa.fi\/wp\/index.php?rest_route=\/wp\/v2\/pages\/2\/revisions"}],"predecessor-version":[{"id":172,"href":"https:\/\/brodesa.fi\/wp\/index.php?rest_route=\/wp\/v2\/pages\/2\/revisions\/172"}],"wp:attachment":[{"href":"https:\/\/brodesa.fi\/wp\/index.php?rest_route=%2Fwp%2Fv2%2Fmedia&parent=2"}],"curies":[{"name":"wp","href":"https:\/\/api.w.org\/{rel}","templated":true}]}}