{"id":60,"date":"2020-04-02T18:52:08","date_gmt":"2020-04-02T15:52:08","guid":{"rendered":"https:\/\/brodesa.fi\/wp\/?page_id=60"},"modified":"2020-11-23T12:46:11","modified_gmt":"2020-11-23T09:46:11","slug":"yhteystiedot","status":"publish","type":"page","link":"https:\/\/brodesa.fi\/wp\/?page_id=60","title":{"rendered":"Yhteystiedot"},"content":{"rendered":"\n<div class=\"wp-block-group\"><div class=\"wp-block-group__inner-container is-layout-flow wp-block-group-is-layout-flow\">\n<p><strong>Brodesa<\/strong><br \/>Y-tunnus 2926433-3<br \/>p. 050 5637336<br \/>brodesa@outlook.com<\/p>\n<p>Tuotantotila Joensuussa.<\/p>\n<p>Hinnoittelu riippuu enimm\u00e4kseen tuotteesta, johon kuvio tehd\u00e4\u00e4n, sek\u00e4 teht\u00e4v\u00e4n kuvion koosta. V\u00e4rien m\u00e4\u00e4r\u00e4 ei vaikuta.<\/p>\n<p>Logot ja kuviot mieluusti vektorimuodossa, esim. pdf, Illustrator tms. Autamme kyll\u00e4 mieluusti oikeaan formaattiin saattamisessa, vaikka olisit vain raapustellut tupakkiaskin kanteen.<\/p>\n<p>Ota rohkeasti yhteytt\u00e4, ei t\u00e4ss\u00e4 niin virallinen tarvitse olla!<\/p>\n<p><strong>Terveisin<\/strong><br \/><strong>Brodesa \/ Esa Hirvonen<\/strong><\/p>\n<\/div><\/div>\n\n\n\n<div class=\"wp-block-group\"><div class=\"wp-block-group__inner-container is-layout-flow wp-block-group-is-layout-flow\">\n<div class=\"wp-block-group is-layout-flow wp-block-group-is-layout-flow\"><div class=\"wp-block-group__inner-container\"><\/div><\/div>\n<\/div><\/div>\n","protected":false},"excerpt":{"rendered":"<p>BrodesaY-tunnus 2926433-3p. 050 5637336brodesa@outlook.com Tuotantotila Joensuussa. Hinnoittelu riippuu enimm\u00e4kseen tuotteesta, johon kuvio tehd\u00e4\u00e4n, sek\u00e4 teht\u00e4v\u00e4n kuvion koosta. V\u00e4rien m\u00e4\u00e4r\u00e4 ei vaikuta. Logot ja kuviot mieluusti vektorimuodossa, esim. pdf, Illustrator tms. Autamme kyll\u00e4 mieluusti oikeaan formaattiin saattamisessa, vaikka olisit vain raapustellut tupakkiaskin kanteen. Ota rohkeasti yhteytt\u00e4, ei t\u00e4ss\u00e4 niin virallinen tarvitse olla! TerveisinBrodesa \/ Esa Hirvonen<\/p>\n","protected":false},"author":1,"featured_media":0,"parent":0,"menu_order":0,"comment_status":"closed","ping_status":"closed","template":"","meta":{"footnotes":""},"class_list":["post-60","page","type-page","status-publish","hentry"],"_links":{"self":[{"href":"https:\/\/brodesa.fi\/wp\/index.php?rest_route=\/wp\/v2\/pages\/60","targetHints":{"allow":["GET"]}}],"collection":[{"href":"https:\/\/brodesa.fi\/wp\/index.php?rest_route=\/wp\/v2\/pages"}],"about":[{"href":"https:\/\/brodesa.fi\/wp\/index.php?rest_route=\/wp\/v2\/types\/page"}],"author":[{"embeddable":true,"href":"https:\/\/brodesa.fi\/wp\/index.php?rest_route=\/wp\/v2\/users\/1"}],"replies":[{"embeddable":true,"href":"https:\/\/brodesa.fi\/wp\/index.php?rest_route=%2Fwp%2Fv2%2Fcomments&post=60"}],"version-history":[{"count":8,"href":"https:\/\/brodesa.fi\/wp\/index.php?rest_route=\/wp\/v2\/pages\/60\/revisions"}],"predecessor-version":[{"id":174,"href":"https:\/\/brodesa.fi\/wp\/index.php?rest_route=\/wp\/v2\/pages\/60\/revisions\/174"}],"wp:attachment":[{"href":"https:\/\/brodesa.fi\/wp\/index.php?rest_route=%2Fwp%2Fv2%2Fmedia&parent=60"}],"curies":[{"name":"wp","href":"https:\/\/api.w.org\/{rel}","templated":true}]}}